{"id":96547,"date":"2019-06-03T12:35:02","date_gmt":"2019-06-03T11:35:02","guid":{"rendered":"http:\/\/isnd.be\/maternel\/wp\/?page_id=96547"},"modified":"2025-07-07T13:46:56","modified_gmt":"2025-07-07T12:46:56","slug":"itineraire","status":"publish","type":"page","link":"https:\/\/maternel.isnd.be\/?page_id=96547","title":{"rendered":"Itin\u00e9raire"},"content":{"rendered":"\n<p>Institut des S\u0153urs de Notre-Dame section maternelle<\/p>\n\n\n\n<p>rue de Veeweyde, 27<\/p>\n\n\n\n<p>1070 Anderlecht<\/p>\n\n\n\n<p>&nbsp;<\/p>\n\n\n\n<p>Notre plan de d\u00e9placement : comment venir \u00e0 pied, \u00e0 v\u00e9lo, en moyen de transport ou en voiture \u00e0 l&#8217;\u00e9cole<\/p>\n\n\n<p class=\"gde-text\"><a href=\"http:\/\/isnd.be\/maternel\/wp\/wp-content\/uploads\/2019\/06\/332a_ISND_Mat_1712.pdf\" class=\"gde-link\">Pour t\u00e9l\u00e9charger le document, cliquez ici (PDF, 2.05Mo)<\/a><\/p>\n<iframe src=\"\/\/docs.google.com\/viewer?url=http%3A%2F%2Fisnd.be%2Fmaternel%2Fwp%2Fwp-content%2Fuploads%2F2019%2F06%2F332a_ISND_Mat_1712.pdf&hl=fr&embedded=true\" class=\"gde-frame\" style=\"width:100%; height:800px; border: none;\" scrolling=\"no\"><\/iframe>\n","protected":false},"excerpt":{"rendered":"<p>Institut des S\u0153urs de Notre-Dame section maternelle rue de Veeweyde, 27 1070 Anderlecht &nbsp; Notre plan de d\u00e9placement : comment venir \u00e0 pied, \u00e0 v\u00e9lo, en moyen de transport ou en voiture \u00e0 l&#8217;\u00e9cole<\/p>\n","protected":false},"author":13,"featured_media":0,"parent":305,"menu_order":0,"comment_status":"closed","ping_status":"closed","template":"","meta":{"footnotes":""},"class_list":["post-96547","page","type-page","status-publish","hentry"],"_links":{"self":[{"href":"https:\/\/maternel.isnd.be\/index.php?rest_route=\/wp\/v2\/pages\/96547","targetHints":{"allow":["GET"]}}],"collection":[{"href":"https:\/\/maternel.isnd.be\/index.php?rest_route=\/wp\/v2\/pages"}],"about":[{"href":"https:\/\/maternel.isnd.be\/index.php?rest_route=\/wp\/v2\/types\/page"}],"author":[{"embeddable":true,"href":"https:\/\/maternel.isnd.be\/index.php?rest_route=\/wp\/v2\/users\/13"}],"replies":[{"embeddable":true,"href":"https:\/\/maternel.isnd.be\/index.php?rest_route=%2Fwp%2Fv2%2Fcomments&post=96547"}],"version-history":[{"count":8,"href":"https:\/\/maternel.isnd.be\/index.php?rest_route=\/wp\/v2\/pages\/96547\/revisions"}],"predecessor-version":[{"id":98315,"href":"https:\/\/maternel.isnd.be\/index.php?rest_route=\/wp\/v2\/pages\/96547\/revisions\/98315"}],"up":[{"embeddable":true,"href":"https:\/\/maternel.isnd.be\/index.php?rest_route=\/wp\/v2\/pages\/305"}],"wp:attachment":[{"href":"https:\/\/maternel.isnd.be\/index.php?rest_route=%2Fwp%2Fv2%2Fmedia&parent=96547"}],"curies":[{"name":"wp","href":"https:\/\/api.w.org\/{rel}","templated":true}]}}