{"id":96193,"date":"2018-12-01T18:30:07","date_gmt":"2018-12-01T17:30:07","guid":{"rendered":"http:\/\/isnd.be\/maternel\/wp\/?page_id=96193"},"modified":"2025-07-07T13:52:35","modified_gmt":"2025-07-07T12:52:35","slug":"equipe-accueil-parascolaire","status":"publish","type":"page","link":"https:\/\/maternel.isnd.be\/?page_id=96193","title":{"rendered":"\u00c9quipe Baco accueil parascolaire"},"content":{"rendered":"<div class=\"wp-block-image\">\n<figure class=\"alignright\"><img loading=\"lazy\" decoding=\"async\" width=\"350\" height=\"350\" src=\"http:\/\/isnd.be\/maternel\/wp\/wp-content\/uploads\/2018\/12\/142062391275.png\" alt=\"\" class=\"wp-image-96102\" srcset=\"https:\/\/maternel.isnd.be\/wp-content\/uploads\/2018\/12\/142062391275.png 350w, https:\/\/maternel.isnd.be\/wp-content\/uploads\/2018\/12\/142062391275-150x150.png 150w, https:\/\/maternel.isnd.be\/wp-content\/uploads\/2018\/12\/142062391275-300x300.png 300w\" sizes=\"auto, (max-width: 350px) 100vw, 350px\" \/><\/figure><\/div>\n\n\n<p>Asbl Baco a cr\u00e9\u00e9 la maison de l&#8217;enfance Vaillance au sein de notre \u00e9cole.<\/p>\n\n\n\n<p>Ils s&#8217;occupent de vos enfants lors de l\u2019accueil du matin, du midi, du soir et du mercredi apr\u00e8s-midi.<\/p>\n\n\n\n<p>En journ\u00e9e scolaire, leur volont\u00e9 est de changer l\u2019esprit de \u00ab garderie \u00bb trop souvent pr\u00e9sent dans les \u00e9coles pendant les temps \u00ab non scolaires \u00bb. Ils mettent tout en \u0153uvre pour offrir un accueil temps libre centr\u00e9 sur l\u2019enfant, ses besoins et celui de sa famille.<\/p>\n\n\n\n<ul class=\"wp-block-list\">\n<li>Coordinatrice : Mr Hagear<\/li>\n\n\n\n<li>Animateurs: Mmes Nisrine, Sharon et M Mustafa<\/li>\n<\/ul>\n\n\n\n<p>Baco, c\u2019est aussi une plateforme de paiement en ligne : QuickSchool<\/p>\n\n\n\n<p>Page web : <a href=\"https:\/\/www.labc.be\/fr\/vaillance\">https:\/\/www.labc.be\/fr\/vaillance<\/a><\/p>\n\n\n\n<p>Pour les contacter : <a href=\"mailto:baco@labasecooperation.be\">baco@labasecooperation.be<\/a>&nbsp; ou&nbsp; 02\/644.56.47<\/p>\n\n\n\n<p><strong>T<\/strong>A<strong>RIFS 25-26<\/strong><\/p>\n\n\n\n<figure class=\"wp-block-image size-full\"><img loading=\"lazy\" decoding=\"async\" width=\"674\" height=\"864\" src=\"https:\/\/maternel.isnd.be\/wp-content\/uploads\/2025\/07\/Capture-decran-2025-07-07-145120.jpg\" alt=\"\" class=\"wp-image-98318\" srcset=\"https:\/\/maternel.isnd.be\/wp-content\/uploads\/2025\/07\/Capture-decran-2025-07-07-145120.jpg 674w, https:\/\/maternel.isnd.be\/wp-content\/uploads\/2025\/07\/Capture-decran-2025-07-07-145120-234x300.jpg 234w\" sizes=\"auto, (max-width: 674px) 100vw, 674px\" \/><\/figure>\n\n\n\n<h1 class=\"wp-block-heading\"><\/h1>\n\n\n\n<h1 class=\"wp-block-heading\"><strong>Accueil cong\u00e9 scolaire<\/strong><\/h1>\n\n\n\n<p>L&#8217;ASBL Baco propose \u00e9galement des stages pendant les cong\u00e9s scolaires.<\/p>\n\n\n\n<p>La notion de vacances est tr\u00e8s importante \u00e0 leurs yeux. Dans le centre Vaillance, l\u2019enfant sera amen\u00e9 \u00e0 vivre dans une certaine autonomie \u00e0 travers trois temps diff\u00e9rents pr\u00e9vus et organis\u00e9s pour lui&nbsp;: les temps libres (matin, midi et soir)&nbsp;; les temps en groupe de vie&nbsp;; les temps en activit\u00e9 dirig\u00e9e.<\/p>\n\n\n\n<p>Page web: <a href=\"https:\/\/www.labc.be\/fr\/stages-camps-de-vacances\">https:\/\/www.labc.be\/fr\/stages-camps-de-vacances<\/a><\/p>\n","protected":false},"excerpt":{"rendered":"<p>Asbl Baco a cr\u00e9\u00e9 la maison de l&#8217;enfance Vaillance au sein de notre \u00e9cole. Ils s&#8217;occupent de vos enfants lors de l\u2019accueil du matin, du midi, du soir et du mercredi apr\u00e8s-midi. En journ\u00e9e scolaire, leur volont\u00e9 est de changer l\u2019esprit de \u00ab garderie \u00bb trop souvent pr\u00e9sent dans les \u00e9coles pendant les temps \u00ab non scolaires \u00bb. Ils mettent tout en \u0153uvre pour offrir un accueil temps libre centr\u00e9 sur l\u2019enfant, ses besoins et celui de sa famille. Baco, c\u2019est aussi une plateforme de paiement en ligne : QuickSchool Page web : https:\/\/www.labc.be\/fr\/vaillance Pour les contacter : baco@labasecooperation.be&nbsp; ou&nbsp; 02\/644.56.47 TARIFS 25-26 Accueil cong\u00e9 scolaire L&#8217;ASBL Baco propose \u00e9galement des stages pendant les cong\u00e9s scolaires. La notion de vacances est tr\u00e8s importante \u00e0 leurs yeux. Dans le centre Vaillance, l\u2019enfant sera amen\u00e9 \u00e0 vivre dans une certaine autonomie \u00e0 travers trois temps diff\u00e9rents pr\u00e9vus et organis\u00e9s pour lui&nbsp;: les temps libres (matin, midi et soir)&nbsp;; les temps en groupe de vie&nbsp;; les temps en activit\u00e9 dirig\u00e9e. Page web: https:\/\/www.labc.be\/fr\/stages-camps-de-vacances<\/p>\n","protected":false},"author":13,"featured_media":0,"parent":0,"menu_order":0,"comment_status":"closed","ping_status":"closed","template":"","meta":{"footnotes":""},"class_list":["post-96193","page","type-page","status-publish","hentry"],"_links":{"self":[{"href":"https:\/\/maternel.isnd.be\/index.php?rest_route=\/wp\/v2\/pages\/96193","targetHints":{"allow":["GET"]}}],"collection":[{"href":"https:\/\/maternel.isnd.be\/index.php?rest_route=\/wp\/v2\/pages"}],"about":[{"href":"https:\/\/maternel.isnd.be\/index.php?rest_route=\/wp\/v2\/types\/page"}],"author":[{"embeddable":true,"href":"https:\/\/maternel.isnd.be\/index.php?rest_route=\/wp\/v2\/users\/13"}],"replies":[{"embeddable":true,"href":"https:\/\/maternel.isnd.be\/index.php?rest_route=%2Fwp%2Fv2%2Fcomments&post=96193"}],"version-history":[{"count":11,"href":"https:\/\/maternel.isnd.be\/index.php?rest_route=\/wp\/v2\/pages\/96193\/revisions"}],"predecessor-version":[{"id":98319,"href":"https:\/\/maternel.isnd.be\/index.php?rest_route=\/wp\/v2\/pages\/96193\/revisions\/98319"}],"wp:attachment":[{"href":"https:\/\/maternel.isnd.be\/index.php?rest_route=%2Fwp%2Fv2%2Fmedia&parent=96193"}],"curies":[{"name":"wp","href":"https:\/\/api.w.org\/{rel}","templated":true}]}}