{"id":96182,"date":"2018-12-01T18:21:21","date_gmt":"2018-12-01T17:21:21","guid":{"rendered":"http:\/\/isnd.be\/maternel\/wp\/?page_id=96182"},"modified":"2021-08-26T10:08:13","modified_gmt":"2021-08-26T09:08:13","slug":"equipe-service-repas-chaud","status":"publish","type":"page","link":"https:\/\/maternel.isnd.be\/?page_id=96182","title":{"rendered":"\u00c9quipe service repas chaud"},"content":{"rendered":"<p><img loading=\"lazy\" decoding=\"async\" class=\"size-full wp-image-96371 aligncenter\" src=\"http:\/\/isnd.be\/maternel\/wp\/wp-content\/uploads\/2018\/12\/http-_www.villemanoche.fr_documents_portal693_cantine.jpg\" alt=\"\" width=\"564\" height=\"390\" srcset=\"https:\/\/maternel.isnd.be\/wp-content\/uploads\/2018\/12\/http-_www.villemanoche.fr_documents_portal693_cantine.jpg 564w, https:\/\/maternel.isnd.be\/wp-content\/uploads\/2018\/12\/http-_www.villemanoche.fr_documents_portal693_cantine-300x207.jpg 300w\" sizes=\"auto, (max-width: 564px) 100vw, 564px\" \/><\/p>\n<p>Mmes Anne, Christine et Mr Issa s&#8217;occupent du service des repas chauds.<\/p>\n<p>Ils dressent les tables, servent les repas chauds, s&#8217;occupent de d\u00e9barrasser et de faire la vaisselle.<\/p>\n<p>Gr\u00e2ce \u00e0 leur travail, nos \u00e9l\u00e8ves savourent leur repas dans un cadre agr\u00e9able et hygi\u00e9nique.<\/p>\n<p>Prix du service : 3.50\u20ac par repas<\/p>\n<p>Nous avons le projet d&#8217;apprendre \u00e0 nos enfants \u00e0 se nourrir sainement. C&#8217;est pourquoi nous avons demand\u00e9 au traiteur de remplacer les desserts par des fruits frais.<\/p>\n<p style=\"text-align: center;\">\u00a0<\/p>\n<p style=\"text-align: center;\">Informations menus:<\/p>\n\n\n<figure class=\"wp-block-image size-large\"><img loading=\"lazy\" decoding=\"async\" width=\"592\" height=\"225\" src=\"https:\/\/maternel.isnd.be\/wp-content\/uploads\/2021\/08\/info.jpg\" alt=\"\" class=\"wp-image-97623\" srcset=\"https:\/\/maternel.isnd.be\/wp-content\/uploads\/2021\/08\/info.jpg 592w, https:\/\/maternel.isnd.be\/wp-content\/uploads\/2021\/08\/info-300x114.jpg 300w\" sizes=\"auto, (max-width: 592px) 100vw, 592px\" \/><\/figure>\n\n\n\n<p class=\"has-text-align-center\">Menus 2021-2022<\/p>\n\n\n\n<figure class=\"wp-block-image size-large\"><img loading=\"lazy\" decoding=\"async\" width=\"523\" height=\"650\" src=\"https:\/\/maternel.isnd.be\/wp-content\/uploads\/2021\/08\/septembre-1.jpg\" alt=\"\" class=\"wp-image-97624\" srcset=\"https:\/\/maternel.isnd.be\/wp-content\/uploads\/2021\/08\/septembre-1.jpg 523w, https:\/\/maternel.isnd.be\/wp-content\/uploads\/2021\/08\/septembre-1-241x300.jpg 241w\" sizes=\"auto, (max-width: 523px) 100vw, 523px\" \/><\/figure>\n\n\n\n<figure class=\"wp-block-image size-large\"><img loading=\"lazy\" decoding=\"async\" width=\"590\" height=\"733\" src=\"https:\/\/maternel.isnd.be\/wp-content\/uploads\/2021\/08\/octobre.jpg\" alt=\"\" class=\"wp-image-97622\" srcset=\"https:\/\/maternel.isnd.be\/wp-content\/uploads\/2021\/08\/octobre.jpg 590w, https:\/\/maternel.isnd.be\/wp-content\/uploads\/2021\/08\/octobre-241x300.jpg 241w\" sizes=\"auto, (max-width: 590px) 100vw, 590px\" \/><\/figure>\n\n\n\n<figure class=\"wp-block-image size-large\"><img loading=\"lazy\" decoding=\"async\" width=\"527\" height=\"652\" src=\"https:\/\/maternel.isnd.be\/wp-content\/uploads\/2021\/08\/novembre.jpg\" alt=\"\" class=\"wp-image-97625\" srcset=\"https:\/\/maternel.isnd.be\/wp-content\/uploads\/2021\/08\/novembre.jpg 527w, https:\/\/maternel.isnd.be\/wp-content\/uploads\/2021\/08\/novembre-242x300.jpg 242w\" sizes=\"auto, (max-width: 527px) 100vw, 527px\" \/><\/figure>\n\n\n\n<figure class=\"wp-block-image size-large\"><img loading=\"lazy\" decoding=\"async\" width=\"524\" height=\"735\" src=\"https:\/\/maternel.isnd.be\/wp-content\/uploads\/2021\/08\/decembre.jpg\" alt=\"\" class=\"wp-image-97626\" srcset=\"https:\/\/maternel.isnd.be\/wp-content\/uploads\/2021\/08\/decembre.jpg 524w, https:\/\/maternel.isnd.be\/wp-content\/uploads\/2021\/08\/decembre-214x300.jpg 214w\" sizes=\"auto, (max-width: 524px) 100vw, 524px\" \/><\/figure>\n\n\n\n<figure class=\"wp-block-image size-large\"><img loading=\"lazy\" decoding=\"async\" width=\"527\" height=\"656\" src=\"https:\/\/maternel.isnd.be\/wp-content\/uploads\/2021\/08\/janvier.jpg\" alt=\"\" class=\"wp-image-97627\" srcset=\"https:\/\/maternel.isnd.be\/wp-content\/uploads\/2021\/08\/janvier.jpg 527w, https:\/\/maternel.isnd.be\/wp-content\/uploads\/2021\/08\/janvier-241x300.jpg 241w\" sizes=\"auto, (max-width: 527px) 100vw, 527px\" \/><\/figure>\n\n\n\n<figure class=\"wp-block-image size-large\"><img loading=\"lazy\" decoding=\"async\" width=\"727\" height=\"724\" src=\"https:\/\/maternel.isnd.be\/wp-content\/uploads\/2021\/08\/fevrier.jpg\" alt=\"\" class=\"wp-image-97628\" srcset=\"https:\/\/maternel.isnd.be\/wp-content\/uploads\/2021\/08\/fevrier.jpg 727w, https:\/\/maternel.isnd.be\/wp-content\/uploads\/2021\/08\/fevrier-300x300.jpg 300w, https:\/\/maternel.isnd.be\/wp-content\/uploads\/2021\/08\/fevrier-150x150.jpg 150w, https:\/\/maternel.isnd.be\/wp-content\/uploads\/2021\/08\/fevrier-75x75.jpg 75w\" sizes=\"auto, (max-width: 727px) 100vw, 727px\" \/><\/figure>\n\n\n\n<figure class=\"wp-block-image size-large\"><img loading=\"lazy\" decoding=\"async\" width=\"596\" height=\"726\" src=\"https:\/\/maternel.isnd.be\/wp-content\/uploads\/2021\/08\/mars.jpg\" alt=\"\" class=\"wp-image-97629\" srcset=\"https:\/\/maternel.isnd.be\/wp-content\/uploads\/2021\/08\/mars.jpg 596w, https:\/\/maternel.isnd.be\/wp-content\/uploads\/2021\/08\/mars-246x300.jpg 246w\" sizes=\"auto, (max-width: 596px) 100vw, 596px\" \/><\/figure>\n\n\n\n<figure class=\"wp-block-image size-large\"><img loading=\"lazy\" decoding=\"async\" width=\"595\" height=\"729\" src=\"https:\/\/maternel.isnd.be\/wp-content\/uploads\/2021\/08\/avril.jpg\" alt=\"\" class=\"wp-image-97630\" srcset=\"https:\/\/maternel.isnd.be\/wp-content\/uploads\/2021\/08\/avril.jpg 595w, https:\/\/maternel.isnd.be\/wp-content\/uploads\/2021\/08\/avril-245x300.jpg 245w\" sizes=\"auto, (max-width: 595px) 100vw, 595px\" \/><\/figure>\n\n\n\n<figure class=\"wp-block-image size-large\"><img loading=\"lazy\" decoding=\"async\" width=\"600\" height=\"739\" src=\"https:\/\/maternel.isnd.be\/wp-content\/uploads\/2021\/08\/mai.jpg\" alt=\"\" class=\"wp-image-97631\" srcset=\"https:\/\/maternel.isnd.be\/wp-content\/uploads\/2021\/08\/mai.jpg 600w, https:\/\/maternel.isnd.be\/wp-content\/uploads\/2021\/08\/mai-244x300.jpg 244w\" sizes=\"auto, (max-width: 600px) 100vw, 600px\" \/><\/figure>\n\n\n\n<figure class=\"wp-block-image size-large\"><img loading=\"lazy\" decoding=\"async\" width=\"660\" height=\"777\" src=\"https:\/\/maternel.isnd.be\/wp-content\/uploads\/2021\/08\/juin.jpg\" alt=\"\" class=\"wp-image-97632\" srcset=\"https:\/\/maternel.isnd.be\/wp-content\/uploads\/2021\/08\/juin.jpg 660w, https:\/\/maternel.isnd.be\/wp-content\/uploads\/2021\/08\/juin-255x300.jpg 255w\" sizes=\"auto, (max-width: 660px) 100vw, 660px\" \/><\/figure>\n","protected":false},"excerpt":{"rendered":"<p>Mmes Anne, Christine et Mr Issa s&#8217;occupent du service des repas chauds. Ils dressent les tables, servent les repas chauds, s&#8217;occupent de d\u00e9barrasser et de faire la vaisselle. Gr\u00e2ce \u00e0 leur travail, nos \u00e9l\u00e8ves savourent leur repas dans un cadre agr\u00e9able et hygi\u00e9nique. Prix du service : 3.50\u20ac par repas Nous avons le projet d&#8217;apprendre \u00e0 nos enfants \u00e0 se nourrir sainement. C&#8217;est pourquoi nous avons demand\u00e9 au traiteur de remplacer les desserts par des fruits frais. \u00a0 Informations menus: Menus 2021-2022<\/p>\n","protected":false},"author":13,"featured_media":0,"parent":0,"menu_order":0,"comment_status":"closed","ping_status":"closed","template":"","meta":{"footnotes":""},"class_list":["post-96182","page","type-page","status-publish","hentry"],"_links":{"self":[{"href":"https:\/\/maternel.isnd.be\/index.php?rest_route=\/wp\/v2\/pages\/96182","targetHints":{"allow":["GET"]}}],"collection":[{"href":"https:\/\/maternel.isnd.be\/index.php?rest_route=\/wp\/v2\/pages"}],"about":[{"href":"https:\/\/maternel.isnd.be\/index.php?rest_route=\/wp\/v2\/types\/page"}],"author":[{"embeddable":true,"href":"https:\/\/maternel.isnd.be\/index.php?rest_route=\/wp\/v2\/users\/13"}],"replies":[{"embeddable":true,"href":"https:\/\/maternel.isnd.be\/index.php?rest_route=%2Fwp%2Fv2%2Fcomments&post=96182"}],"version-history":[{"count":12,"href":"https:\/\/maternel.isnd.be\/index.php?rest_route=\/wp\/v2\/pages\/96182\/revisions"}],"predecessor-version":[{"id":97635,"href":"https:\/\/maternel.isnd.be\/index.php?rest_route=\/wp\/v2\/pages\/96182\/revisions\/97635"}],"wp:attachment":[{"href":"https:\/\/maternel.isnd.be\/index.php?rest_route=%2Fwp%2Fv2%2Fmedia&parent=96182"}],"curies":[{"name":"wp","href":"https:\/\/api.w.org\/{rel}","templated":true}]}}