{"id":96082,"date":"2018-12-01T14:29:40","date_gmt":"2018-12-01T13:29:40","guid":{"rendered":"http:\/\/isnd.be\/maternel\/wp\/?page_id=96082"},"modified":"2018-12-12T17:09:33","modified_gmt":"2018-12-12T16:09:33","slug":"nos-equipes","status":"publish","type":"page","link":"https:\/\/maternel.isnd.be\/?page_id=96082","title":{"rendered":"Nos \u00e9quipes"},"content":{"rendered":"<p>&nbsp;<\/p>\n<p style=\"text-align: center;\">Notre \u00e9cole fonctionne gr\u00e2ce \u00e0 la collaboration de diff\u00e9rentes \u00e9quipes.<\/p>\n<p style=\"text-align: center;\"><img loading=\"lazy\" decoding=\"async\" class=\"wp-image-96391 aligncenter\" src=\"http:\/\/isnd.be\/maternel\/wp\/wp-content\/uploads\/2018\/12\/https-_t3.ftcdn_.net_jpg_00_83_58_92_240_F_83589273_d8xRrnqIryPLdpQFQElh2SVjCmvvHHXl.jpg\" alt=\"\" width=\"328\" height=\"328\" srcset=\"https:\/\/maternel.isnd.be\/wp-content\/uploads\/2018\/12\/https-_t3.ftcdn_.net_jpg_00_83_58_92_240_F_83589273_d8xRrnqIryPLdpQFQElh2SVjCmvvHHXl.jpg 390w, https:\/\/maternel.isnd.be\/wp-content\/uploads\/2018\/12\/https-_t3.ftcdn_.net_jpg_00_83_58_92_240_F_83589273_d8xRrnqIryPLdpQFQElh2SVjCmvvHHXl-150x150.jpg 150w, https:\/\/maternel.isnd.be\/wp-content\/uploads\/2018\/12\/https-_t3.ftcdn_.net_jpg_00_83_58_92_240_F_83589273_d8xRrnqIryPLdpQFQElh2SVjCmvvHHXl-300x300.jpg 300w, https:\/\/maternel.isnd.be\/wp-content\/uploads\/2018\/12\/https-_t3.ftcdn_.net_jpg_00_83_58_92_240_F_83589273_d8xRrnqIryPLdpQFQElh2SVjCmvvHHXl-50x50.jpg 50w\" sizes=\"auto, (max-width: 328px) 100vw, 328px\" \/><\/p>\n","protected":false},"excerpt":{"rendered":"<p>&nbsp; Notre \u00e9cole fonctionne gr\u00e2ce \u00e0 la collaboration de diff\u00e9rentes \u00e9quipes.<\/p>\n","protected":false},"author":13,"featured_media":0,"parent":0,"menu_order":0,"comment_status":"closed","ping_status":"closed","template":"","meta":{"footnotes":""},"class_list":["post-96082","page","type-page","status-publish","hentry"],"_links":{"self":[{"href":"https:\/\/maternel.isnd.be\/index.php?rest_route=\/wp\/v2\/pages\/96082","targetHints":{"allow":["GET"]}}],"collection":[{"href":"https:\/\/maternel.isnd.be\/index.php?rest_route=\/wp\/v2\/pages"}],"about":[{"href":"https:\/\/maternel.isnd.be\/index.php?rest_route=\/wp\/v2\/types\/page"}],"author":[{"embeddable":true,"href":"https:\/\/maternel.isnd.be\/index.php?rest_route=\/wp\/v2\/users\/13"}],"replies":[{"embeddable":true,"href":"https:\/\/maternel.isnd.be\/index.php?rest_route=%2Fwp%2Fv2%2Fcomments&post=96082"}],"version-history":[{"count":3,"href":"https:\/\/maternel.isnd.be\/index.php?rest_route=\/wp\/v2\/pages\/96082\/revisions"}],"predecessor-version":[{"id":96392,"href":"https:\/\/maternel.isnd.be\/index.php?rest_route=\/wp\/v2\/pages\/96082\/revisions\/96392"}],"wp:attachment":[{"href":"https:\/\/maternel.isnd.be\/index.php?rest_route=%2Fwp%2Fv2%2Fmedia&parent=96082"}],"curies":[{"name":"wp","href":"https:\/\/api.w.org\/{rel}","templated":true}]}}