{"id":305,"date":"2013-03-07T11:55:51","date_gmt":"2013-03-07T10:55:51","guid":{"rendered":"http:\/\/isnd.be\/maternel\/wp\/?page_id=305"},"modified":"2025-07-07T13:46:24","modified_gmt":"2025-07-07T12:46:24","slug":"contact","status":"publish","type":"page","link":"https:\/\/maternel.isnd.be\/?page_id=305","title":{"rendered":"Contact"},"content":{"rendered":"\n<p><\/p>\n\n\n\n<p><strong>Adresse:<\/strong><\/p>\n\n\n\n<p>ISND \u2013 Section maternelle<br \/>rue de Veeweyde, 27<br \/>1070 ANDERLECHT<\/p>\n\n\n\n<p><\/p>\n\n\n\n<p><strong>Secr\u00e9tariat :<br \/><\/strong><\/p>\n\n\n\n<p>Mme Bodart est joignable du lundi au vendredi de 08h \u00e0 12h. Secr\u00e9tariat ferm\u00e9 le mercredi.<\/p>\n\n\n\n<p>T\u00e9l\u00e9phone: 02\/523.29.47<\/p>\n\n\n\n<p>MAIL:&nbsp; <a href=\"mailto:secretariat.maternelle@isnd.be\">secretariat.maternelle@isnd.be<\/a><\/p>\n\n\n\n<p><\/p>\n\n\n\n<p><strong>Direction:<\/strong><\/p>\n\n\n\n<p>Mme Magelinck<\/p>\n\n\n\n<p>MAIL : <a class=\"moz-txt-link-abbreviated\" href=\"mailto:direction.maternelle@isnd.be\">direction.maternelle@isnd.be<\/a><\/p>\n\n\n\n<p>T\u00e9l\u00e9phone :&nbsp; Veuillez contacter le secr\u00e9tariat pour formuler votre demande. Mme Magelinck vous contactera ensuite.<\/p>\n\n\n\n<p><\/p>\n\n\n\n\n<!-- Fast Secure Contact Form plugin 4.0.52 - begin - FastSecureContactForm.com -->\r\n<div style=\"clear:both;\"><\/div>\n<p>Demande d'informations aupr\u00e8s de la direction de l'\u00e9cole maternelle<\/p>\r\n<div id=\"FSContact1\" style=\"width:99%; max-width:555px;\">\r\n<form action=\"https:\/\/maternel.isnd.be\/index.php?rest_route=%2Fwp%2Fv2%2Fpages%2F305#FSContact1\" id=\"fscf_form1\" method=\"post\">\r\n<fieldset id=\"fscf_form_fieldset1\" style=\"border:1px solid black; width:99%; max-width:550px; padding:10px;\">\n<legend>Formulaire de contact<\/legend>\n\n<div id=\"fscf_required1\">\n  <span style=\"text-align:left;\">*<\/span> <span style=\"text-align:left;\">indique un champ requis<\/span>\n<\/div>\n\n\n<div id=\"fscf_div_clear1_5\" style=\"clear:both;\">\n  <div id=\"fscf_div_field1_5\" style=\"clear:left; float:left; width:99%; max-width:550px; margin-right:10px;\">\n    <div  id=\"fscf_label1_5\" style=\"text-align:left; padding-top:5px;\">\r\n      <label style=\"text-align:left;\" for=\"fscf_field1_5\">Madame\/Monsieur:<\/label>\n    <\/div>\n    <div style=\"text-align:left;\">\n      <span><input type=\"radio\" style=\"width:22px; height:32px;\" id=\"fscf_field1_5_1\" name=\"MadameMonsieur\" value=\"1\" \/> <label style=\"display:inline;\" for=\"fscf_field1_5_1\">Madame<\/label><\/span><br \/>\n      <span><input type=\"radio\" style=\"width:22px; height:32px;\" id=\"fscf_field1_5_2\" name=\"MadameMonsieur\" value=\"2\" \/> <label style=\"display:inline;\" for=\"fscf_field1_5_2\">Monsieur<\/label><\/span>\n    <\/div>\n  <\/div>\n<\/div>\n\n<div id=\"fscf_div_clear1_0\" style=\"clear:both;\">\n  <div id=\"fscf_div_field1_0\" style=\"clear:left; float:left; width:99%; max-width:550px; margin-right:10px;\">\r\n    <div style=\"text-align:left; padding-top:5px;\">\n      <label style=\"text-align:left;\" for=\"fscf_name1\">Nom<span style=\"text-align:left;\">*<\/span><\/label>\n    <\/div>\r\n    <div style=\"text-align:left;\">\r\n      <input style=\"text-align:left; margin:0; width:99%; max-width:250px;\" type=\"text\" id=\"fscf_name1\" name=\"full_name\" value=\"\"  readonly=\"readonly\" \/>\r\n    <\/div>\r\n  <\/div>\n<\/div>\n\n<div id=\"fscf_div_clear1_4\" style=\"clear:both;\">\n  <div id=\"fscf_div_field1_4\" style=\"clear:left; float:left; width:99%; max-width:550px; margin-right:10px;\">\n    <div  id=\"fscf_label1_4\" style=\"text-align:left; padding-top:5px;\">\r\n      <label style=\"text-align:left;\" for=\"fscf_field1_4\">Pr\u00e9nom:<\/label>\n    <\/div>\n    <div style=\"text-align:left;\">\n      <input style=\"text-align:left; margin:0; width:99%; max-width:250px;\" type=\"text\" id=\"fscf_field1_4\" name=\"Prenom\" value=\"\"  \/>\n    <\/div>\n  <\/div>\n<\/div>\n\n<div id=\"fscf_div_clear1_1\" style=\"clear:both;\">\n  <div id=\"fscf_div_field1_1\" style=\"clear:left; float:left; width:99%; max-width:550px; margin-right:10px;\">\n    <div style=\"text-align:left; padding-top:5px;\">\n      <label style=\"text-align:left;\" for=\"fscf_email1\">Courriel<span style=\"text-align:left;\">*<\/span><\/label>\n    <\/div>\n    <div style=\"text-align:left;\">\n      <input style=\"text-align:left; margin:0; width:99%; max-width:250px;\" type=\"text\" id=\"fscf_email1\" name=\"email\" value=\"\"  readonly=\"readonly\" \/>\n    <\/div>\n  <\/div>\n<\/div>\n\n<div id=\"fscf_div_clear1_2\" style=\"clear:both;\">\n  <div id=\"fscf_div_field1_2\" style=\"clear:left; float:left; width:99%; max-width:550px; margin-right:10px;\">\n    <div style=\"text-align:left; padding-top:5px;\">\n      <label style=\"text-align:left;\" for=\"fscf_field1_2\">Sujet<span style=\"text-align:left;\">*<\/span><\/label>\n    <\/div>\n    <div style=\"text-align:left;\">\n      <input style=\"text-align:left; margin:0; width:99%; max-width:250px;\" type=\"text\" id=\"fscf_field1_2\" name=\"subject\" value=\"\"  \/>\n    <\/div>\n  <\/div>\n<\/div>\n\n<div id=\"fscf_div_clear1_3\" style=\"clear:both;\">\n  <div id=\"fscf_div_field1_3\" style=\"clear:left; float:left; width:99%; max-width:550px; margin-right:10px;\">\n    <div style=\"text-align:left; padding-top:5px;\">\n      <label style=\"text-align:left;\" for=\"fscf_field1_3\">Message<span style=\"text-align:left;\">*<\/span><\/label>\n    <\/div>\n    <div style=\"text-align:left;\">\n      <textarea style=\"text-align:left; margin:0; width:99%; max-width:250px; height:120px;\" id=\"fscf_field1_3\" name=\"message\" cols=\"30\" rows=\"10\" ><\/textarea>\n    <\/div>\n  <\/div>\n<\/div>\r\n<div style=\"clear:both;\"><\/div>\n\n<div style=\"text-align:left; padding-top:5px;\">\n<\/div>\n<div id=\"fscf_captcha_image_div1\" style=\"width:250px; height:65px; padding-top:2px;\">\n      <img loading=\"lazy\" decoding=\"async\" id=\"fscf_captcha_image1\" style=\"border-style:none; margin:0; padding:0px; padding-right:5px; float:left;\" src=\"https:\/\/maternel.isnd.be\/wp-content\/plugins\/si-contact-form\/captcha\/securimage_show.php?prefix=GSv6DTqOOMP0MmFT\" width=\"175\" height=\"60\" alt=\"Code Anti-spam\" title=\"Code Anti-spam\" \/>\n      <input id=\"fscf_captcha_prefix1\" type=\"hidden\" name=\"fscf_captcha_prefix1\" value=\"GSv6DTqOOMP0MmFT\" \/>\n     <div id=\"fscf_captcha_refresh1\">\n        <a href=\"#\" rel=\"nofollow\" title=\"Rafra\u00eechir\" onclick=\"fscf_captcha_refresh('1','\/wp-content\/plugins\/si-contact-form\/captcha','https:\/\/maternel.isnd.be\/wp-content\/plugins\/si-contact-form\/captcha\/securimage_show.php?prefix='); return false;\">\n        <img loading=\"lazy\" decoding=\"async\" src=\"https:\/\/maternel.isnd.be\/wp-content\/plugins\/si-contact-form\/captcha\/images\/refresh.png\" width=\"22\" height=\"20\" alt=\"Rafra\u00eechir\" style=\"border-style:none; margin:0; padding:0px; vertical-align:bottom;\" onclick=\"this.blur();\" \/><\/a>\r\n     <\/div>\r\n<\/div>\r\n\r\n<div id=\"fscf_captcha_field1\" style=\"text-align:left; padding-top:5px;\">\r\n     <label style=\"text-align:left;\" for=\"fscf_captcha_code1\">Code Anti-spam<span style=\"text-align:left;\">*<\/span><\/label>\r\n<\/div>\r\n<div style=\"text-align:left;\">\n     <input style=\"text-align:left; margin:0; width:50px;\" type=\"text\" value=\"\" autocomplete=\"off\" id=\"fscf_captcha_code1\" name=\"captcha_code\"  \/>\n<\/div>\n\n<div id=\"fscf_submit_div1\" style=\"text-align:left; clear:both; padding-top:15px;\">\r\n\t\t<input type=\"submit\" id=\"fscf_submit1\" style=\"cursor:pointer; margin:0;\" value=\"Envoyer\"  onclick=\"this.disabled=true; this.value='Soumis...'; this.form.submit();\" \/> \n<\/div>\n<\/fieldset>\n\n<input type=\"hidden\" name=\"fscf_submitted\" value=\"0\" \/>\n<input type=\"hidden\" name=\"fs_postonce_1\" value=\"0d6b8b24ae06f3342eb935a7727a3607,1777385040\" \/>\n<input type=\"hidden\" name=\"si_contact_action\" value=\"send\" \/>\n<input type=\"hidden\" name=\"form_id\" value=\"1\" \/>\n<input type=\"hidden\" name=\"mailto_id\" value=\"1\" \/>\n\n<\/form>\n<\/div>\r\n<div style=\"clear:both;\"><\/div>\n\n<!-- Fast Secure Contact Form plugin 4.0.52 - end - FastSecureContactForm.com -->\n\n\n\n\n<p><\/p>\n\n\n\n<p><\/p>\n","protected":false},"excerpt":{"rendered":"<p>Adresse: ISND \u2013 Section maternellerue de Veeweyde, 271070 ANDERLECHT Secr\u00e9tariat : Mme Bodart est joignable du lundi au vendredi de 08h \u00e0 12h. Secr\u00e9tariat ferm\u00e9 le mercredi. T\u00e9l\u00e9phone: 02\/523.29.47 MAIL:&nbsp; secretariat.maternelle@isnd.be Direction: Mme Magelinck MAIL : direction.maternelle@isnd.be T\u00e9l\u00e9phone :&nbsp; Veuillez contacter le secr\u00e9tariat pour formuler votre demande. Mme Magelinck vous contactera ensuite.<\/p>\n","protected":false},"author":3,"featured_media":0,"parent":0,"menu_order":0,"comment_status":"closed","ping_status":"closed","template":"","meta":{"footnotes":""},"class_list":["post-305","page","type-page","status-publish","hentry"],"_links":{"self":[{"href":"https:\/\/maternel.isnd.be\/index.php?rest_route=\/wp\/v2\/pages\/305","targetHints":{"allow":["GET"]}}],"collection":[{"href":"https:\/\/maternel.isnd.be\/index.php?rest_route=\/wp\/v2\/pages"}],"about":[{"href":"https:\/\/maternel.isnd.be\/index.php?rest_route=\/wp\/v2\/types\/page"}],"author":[{"embeddable":true,"href":"https:\/\/maternel.isnd.be\/index.php?rest_route=\/wp\/v2\/users\/3"}],"replies":[{"embeddable":true,"href":"https:\/\/maternel.isnd.be\/index.php?rest_route=%2Fwp%2Fv2%2Fcomments&post=305"}],"version-history":[{"count":18,"href":"https:\/\/maternel.isnd.be\/index.php?rest_route=\/wp\/v2\/pages\/305\/revisions"}],"predecessor-version":[{"id":98314,"href":"https:\/\/maternel.isnd.be\/index.php?rest_route=\/wp\/v2\/pages\/305\/revisions\/98314"}],"wp:attachment":[{"href":"https:\/\/maternel.isnd.be\/index.php?rest_route=%2Fwp%2Fv2%2Fmedia&parent=305"}],"curies":[{"name":"wp","href":"https:\/\/api.w.org\/{rel}","templated":true}]}}